{"id":6549,"date":"2019-09-17T03:13:38","date_gmt":"2019-09-17T03:13:38","guid":{"rendered":"http:\/\/smiledentalnogales.com\/?page_id=6549"},"modified":"2025-08-26T13:04:52","modified_gmt":"2025-08-26T20:04:52","slug":"endondotics","status":"publish","type":"page","link":"https:\/\/smiledentalnogales.com\/es\/endondotics\/","title":{"rendered":"Endodoncia"},"content":{"rendered":"<div class=\"brz-root__container brz-reset-all brz brz-root__container-page\">\n<section id=\"5dd802210d7d312026e1_hezrptqxkflqlpojnvlrnyysxfstaboghkwb\" class=\"brz-section brz-css-i8x3d6 brz-css-rrmfh9\">\n<div class=\"brz-section__content brz-section--fullWidth brz-css-13n154z brz-css-117uk1j\" data-brz-custom-id=\"mnlvtecyegfygjymshquqadtpfdhlxynanyu\">\n<div class=\"brz-bg\">\n<div class=\"brz-bg-image\"><\/div>\n<div class=\"brz-bg-color\"><\/div>\n<\/div>\n<div class=\"brz-container brz-css-1jvra1d brz-css-puw5bl\">\n<div class=\"brz-row__container brz-css-1e1klmg brz-css-tf04w4\" data-brz-custom-id=\"zxqktgatzeipweygqqmujmdocuuwxpvpdkio\">\n<div class=\"brz-row brz-css-7hpmqi brz-css-1bzgs9p brz-css-1pzuqt2\">\n<div class=\"brz-columns brz-css-1obit0s brz-css-qmrlcc\" data-brz-custom-id=\"hvtoekdfqnljajjpiupxvlwwkrmglkkekacf\">\n<div class=\"brz-column__items brz-css-1uwycem brz-css-1959i9v\">\n<div id=\"\" data-brz-iteration-count=\"1\" class=\"brz-css-1c2hnxv brz-css-1xtjaz brz-wrapper brz-animated brz-css-6uam32 brz-css-jr74wj\" data-animationid=\"cdtbsvuenyepktqtckqtplkyxpmowcwlmhpm\">\n<div class=\"brz-rich-text brz-rich-text__custom brz-css-1e3ek61 brz-css-hx0m6v\" data-brz-custom-id=\"sljfaflefoxdhyvplfwqjgojtzduxrxjhpty\">\n<div data-brz-translate-text=\"1\">\n<h1 class=\"brz-text-lg-center brz-tp-heading1 brz-text-xs-left brz-css-nPnVw\"><span class=\"brz-cp-color8\">Endodoncia<\/span><\/h1>\n<\/div>\n<\/div>\n<\/div>\n<div id=\"\" data-brz-iteration-count=\"1\" class=\"brz-css-1c2hnxv brz-css-17nfzxe brz-wrapper brz-animated brz-css-oc1ice brz-css-133ihtx\" data-animationid=\"dxcxfoaympicljqxvcpxiilwhrnljvruxucp\">\n<div class=\"brz-rich-text brz-rich-text__custom brz-css-1e3ek61 brz-css-105g20z\" data-brz-custom-id=\"ifuwkjtnteuntbmpfgyfidzntgypoxbrhwnz\">\n<div data-brz-translate-text=\"1\">\n<h2 class=\"brz-text-xs-left brz-tp-lg-heading2 brz-text-lg-center brz-css-ezCui\" data-generated-css=\"brz-css-uinwt\" data-uniq-id=\"zlksr\"><span class=\"brz-cp-color6\">Mantenga su sonrisa naturalmente hermosa!<\/span><\/h2>\n<h2 class=\"brz-text-xs-left brz-tp-lg-heading2 brz-text-lg-center brz-css-iFuYb\" data-generated-css=\"brz-css-hshzl\" data-uniq-id=\"cttlx\"><\/h2>\n<\/div>\n<\/div>\n<\/div>\n<\/div>\n<\/div>\n<\/div>\n<\/div>\n<\/div>\n<\/div>\n<\/section>\n<section id=\"6e229f4282f25f69e5f1_lodrbelqxiuhicbaugkknrvxwfccrngxlgnu\" class=\"brz-section brz-css-i8x3d6 brz-css-o6vnq1\">\n<div class=\"brz-section__content brz-section--boxed brz-css-13n154z brz-css-xa7qr9\" data-brz-custom-id=\"jhteghqwywzgvwxrpqzgoqyvacvhivmovfth\">\n<div class=\"brz-bg\">\n<div class=\"brz-bg-color\"><\/div>\n<\/div>\n<div class=\"brz-container brz-css-1jvra1d brz-css-o3f1gw\">\n<div class=\"brz-row__container brz-css-1e1klmg brz-css-63szvj\" data-brz-custom-id=\"umoreageveuznjwjeqjmtmhiofsqcuhsztkd\">\n<div class=\"brz-row brz-css-7hpmqi brz-css-1bzgs9p brz-css-ejkx00\">\n<div class=\"brz-columns brz-css-1obit0s brz-css-1xbaj7j\" data-brz-custom-id=\"finhfmfwrehzrgcyycfxoatzeajzzvrfybyd\">\n<div class=\"brz-column__items brz-css-1uwycem brz-css-15oq1w4\">\n<div id=\"\" class=\"brz-css-1c2hnxv brz-css-ha9ut7 brz-wrapper\">\n<div class=\"brz-image brz-css-1k47trd brz-css-kw28wx\" data-brz-custom-id=\"mygbufshnlksyhvwgdoduxciwlyfowgfqygv\"><picture class=\"brz-picture brz-d-block brz-p-relative brz-css-gclibj brz-css-1t8jp2a\"><source srcset=\"https:\/\/smiledentalnogales.com\/?brizy_media=wp-9c6cd698a636de80a9e92196d3e00f68.jpg&amp;brizy_crop=iW%3D681%26iH%3D1022%26oX%3D36%26oY%3D27%26cW%3D555%26cH%3D866 1x, https:\/\/smiledentalnogales.com\/?brizy_media=wp-9c6cd698a636de80a9e92196d3e00f68.jpg&amp;brizy_crop=iW%3D1362%26iH%3D2044%26oX%3D72%26oY%3D54%26cW%3D1110%26cH%3D1732 2x\" media=\"(min-width: 992px)\"><source srcset=\"https:\/\/smiledentalnogales.com\/?brizy_media=wp-9c6cd698a636de80a9e92196d3e00f68.jpg&amp;brizy_crop=iW%3D435%26iH%3D652%26oX%3D23%26oY%3D17%26cW%3D354%26cH%3D552 1x, https:\/\/smiledentalnogales.com\/?brizy_media=wp-9c6cd698a636de80a9e92196d3e00f68.jpg&amp;brizy_crop=iW%3D870%26iH%3D1304%26oX%3D46%26oY%3D34%26cW%3D708%26cH%3D1104 2x\" media=\"(min-width: 768px)\"><img decoding=\"async\" class=\"brz-img\" srcset=\"https:\/\/smiledentalnogales.com\/?brizy_media=wp-9c6cd698a636de80a9e92196d3e00f68.jpg&amp;brizy_crop=iW%3D528%26iH%3D792%26oX%3D28%26oY%3D21%26cW%3D430%26cH%3D671 1x, https:\/\/smiledentalnogales.com\/?brizy_media=wp-9c6cd698a636de80a9e92196d3e00f68.jpg&amp;brizy_crop=iW%3D1056%26iH%3D1584%26oX%3D56%26oY%3D42%26cW%3D860%26cH%3D1342 2x\" src=\"https:\/\/smiledentalnogales.com\/?brizy_media=wp-9c6cd698a636de80a9e92196d3e00f68.jpg&amp;brizy_crop=iW%3D681%26iH%3D1022%26oX%3D36%26oY%3D27%26cW%3D555%26cH%3D866\" alt=\"\" title=\"IMG_9322\" draggable=\"false\" loading=\"lazy\"><\/picture><\/div>\n<\/div>\n<\/div>\n<\/div>\n<div class=\"brz-columns brz-css-1obit0s brz-css-1e0dmo9\" data-brz-custom-id=\"awowcivsrllazjncpgjwzfwbctflcqmfigxp\">\n<div class=\"brz-column__items brz-css-1uwycem brz-css-17xd95l\">\n<div id=\"\" class=\"brz-css-1c2hnxv brz-css-1jmhe48 brz-wrapper\">\n<div class=\"brz-rich-text brz-rich-text__custom brz-css-1e3ek61 brz-css-stosai\" data-brz-custom-id=\"sshdbgmvbfoyqlicspgzinloaqxltmpfgqxp\">\n<div data-brz-translate-text=\"1\">\n<h2 class=\"brz-text-lg-left brz-tp-heading2 brz-text-xs-center brz-css-kJ7Ve\">Endodoncia<\/h2>\n<\/div>\n<\/div>\n<\/div>\n<div id=\"\" class=\"brz-css-1c2hnxv brz-css-f62ot4 brz-wrapper\">\n<div class=\"brz-rich-text brz-rich-text__custom brz-css-1e3ek61 brz-css-1cy5gwx\" data-brz-custom-id=\"xbkfusalsyyiocntpnvutsdkpynqglitzmvb\">\n<div data-brz-translate-text=\"1\">\n<p class=\"brz-mb-xs-15 brz-tp-subtitle brz-text-lg-left brz-text-xs-center brz-mb-lg-20 brz-css-nLIPY\"><em class=\"brz-cp-color3\">Asequible y al alcance de todos los presupuestos<\/em><\/p>\n<\/div>\n<\/div>\n<\/div>\n<div id=\"\" class=\"brz-css-1c2hnxv brz-css-7ai8ik brz-wrapper\">\n<div class=\"brz-rich-text brz-rich-text__custom brz-css-1e3ek61 brz-css-1xmljt2\" data-brz-custom-id=\"pembrncwakyqiiyxtuoutkzeiqdggxnpmmbl\">\n<div data-brz-translate-text=\"1\">\n<p class=\"brz-tp-lg-paragraph brz-css-olJTU\" data-uniq-id=\"yoefv\" data-generated-css=\"brz-css-lrptg\"><span style=\"opacity: 1;\" class=\"brz-cp-color2\">La endodoncia es una especialidad de la odontolog\u00eda que se ocupa de las enfermedades de la pulpa dental y sus estructuras de soporte. Un endodoncista son dentistas con formaci\u00f3n especial de postgrado en este campo. Ellos tambi\u00e9n tienen experiencia en encontrar la causa del dolor oral y facial que ha sido dif\u00edcil de diagnosticar. Aunque los dentistas generales pueden realizar un tratamiento de ra\u00edz dental, a menudo se hace referencia a los pacientes como endodoncistas cuando el caso es complicado o m\u00e1s dif\u00edcil de lo habitual. Para entender el tratamiento, es \u00fatil saber algo sobre la anatom\u00eda de un diente. <\/span><\/p>\n<p class=\"brz-tp-lg-paragraph brz-mb-xs-15 brz-text-xs-center brz-mb-lg-20 brz-css-qjApT\" data-uniq-id=\"qlhyi\" data-generated-css=\"brz-css-avftz\"><span style=\"opacity: 1;\" class=\"brz-cp-color2\">Los dientes tienen varias capas. La capa externa del diente se compone de una capa dura llamada esmalte. El esmalte es soportado por una capa interna llamada dentina, que tiene en su centro un tejido blando conocido como la pulpa. La pulpa contiene vasos sangu\u00edneos, nervios y tejido conectivo que son responsables de formar la dentina y el esmalte circundantes durante el desarrollo dental.<\/span><\/p>\n<\/div>\n<\/div>\n<\/div>\n<div id=\"\" class=\"brz-css-1c2hnxv brz-css-13yvpc2 brz-wrapper\">\n<div class=\"brz-rich-text brz-rich-text__custom brz-css-1e3ek61 brz-css-ml4xn4\" data-brz-custom-id=\"gzfxwpoxjtscovgatdkinhjrxpiycwsjzjey\">\n<div data-brz-translate-text=\"1\">\n<p class=\"brz-mb-xs-15 brz-tp-lg-paragraph brz-text-xs-center brz-mb-lg-20 brz-css-ha3P6\" data-uniq-id=\"xaawv\" data-generated-css=\"brz-css-cuhbc\"><span style=\"opacity: 1;\" class=\"brz-cp-color2\">La pulpa recibe su suministro de alimento de los vasos que entran en el extremo de la ra\u00edz. Aunque la pulpa es importante durante el desarrollo del diente, no es necesaria para la funci\u00f3n del diente. El diente contin\u00faa siendo nutrido por los tejidos que lo rodean incluso despu\u00e9s de que se elimina la pulpa. <\/span><\/p>\n<\/div>\n<\/div>\n<\/div>\n<\/div>\n<\/div>\n<\/div>\n<\/div>\n<\/div>\n<\/div>\n<\/section>\n<section id=\"24d854e6d337db52c120_xwbjwiobxccmdgaczfvkijhgxpnhchpacjnz\" class=\"brz-section brz-css-i8x3d6 brz-css-14jb94b\">\n<div class=\"brz-section__content brz-section--fullWidth brz-css-13n154z brz-css-cto67y\" data-brz-custom-id=\"izyybtepqavusuuccaedspcjecjypgwrsstk\">\n<div class=\"brz-bg\">\n<div class=\"brz-bg-color\"><\/div>\n<\/div>\n<div class=\"brz-container brz-css-1jvra1d brz-css-17t4a7y\">\n<div class=\"brz-row__container brz-css-1e1klmg brz-css-1xrvm9k\" data-brz-custom-id=\"xscvnuuvjfsdrsnmpgakcyiexuqmwrapeiph\">\n<div class=\"brz-row brz-css-7hpmqi brz-css-1bzgs9p brz-css-owsun0\">\n<div class=\"brz-columns brz-css-1obit0s brz-css-hlj3vi\" data-brz-custom-id=\"mwkdboewcybooiperkmjumwrvbudyrogkpic\">\n<div class=\"brz-bg\">\n<div class=\"brz-bg-image\"><\/div>\n<\/div>\n<div class=\"brz-column__items brz-css-1uwycem brz-css-zwzd67\"><\/div>\n<\/div>\n<div class=\"brz-columns brz-css-1obit0s brz-css-chajwu\" data-brz-custom-id=\"ciczxgdylgqbkshfqoahuejbdgmxjuspedrk\">\n<div class=\"brz-bg\">\n<div class=\"brz-bg-image\"><\/div>\n<\/div>\n<div class=\"brz-column__items brz-css-1uwycem brz-css-1qvgegf\">\n<div id=\"\" class=\"brz-css-1c2hnxv brz-css-1ag23nx brz-css-evfa6n brz-wrapper\">\n<div class=\"brz-spacer brz-css-1287ijf brz-css-1akyc73\"><\/div>\n<\/div>\n<\/div>\n<\/div>\n<div class=\"brz-columns brz-css-1obit0s brz-css-1t0vc1p\" data-brz-custom-id=\"mijvrmbteuldqpifumljedixefqopucmmfux\">\n<div class=\"brz-bg\">\n<div class=\"brz-bg-image\"><\/div>\n<\/div>\n<div class=\"brz-column__items brz-css-1uwycem brz-css-13yjw40\"><\/div>\n<\/div>\n<div class=\"brz-columns brz-css-1obit0s brz-css-12p5jzq\" data-brz-custom-id=\"awnoueyrfxkdsguyfcftlnupguetqdiksrxn\">\n<div class=\"brz-bg\">\n<div class=\"brz-bg-image\"><\/div>\n<\/div>\n<div class=\"brz-column__items brz-css-1uwycem brz-css-1lhoyw2\"><\/div>\n<\/div>\n<\/div>\n<\/div>\n<\/div>\n<\/div>\n<\/section>\n<\/div>\n<p>    <!-- version:1756238692 --><\/p>","protected":false},"excerpt":{"rendered":"<p>Endodontics Keep your smile naturally beautiful! Endodontics Affordable and with in reach of all budgets Endodontics is a specialty of Dentistry that deals with diseases of the dental pulp and its supporting structures. An endodontist is dentists with special post-graduate training in this field. endodontists are also experienced at finding the cause of oral and [&hellip;]<\/p>\n","protected":false},"author":1,"featured_media":0,"parent":0,"menu_order":0,"comment_status":"closed","ping_status":"closed","template":"visual-builder-template.php","meta":{"_joinchat":[],"footnotes":""},"class_list":["post-6549","page","type-page","status-publish","hentry"],"_links":{"self":[{"href":"https:\/\/smiledentalnogales.com\/es\/wp-json\/wp\/v2\/pages\/6549","targetHints":{"allow":["GET"]}}],"collection":[{"href":"https:\/\/smiledentalnogales.com\/es\/wp-json\/wp\/v2\/pages"}],"about":[{"href":"https:\/\/smiledentalnogales.com\/es\/wp-json\/wp\/v2\/types\/page"}],"author":[{"embeddable":true,"href":"https:\/\/smiledentalnogales.com\/es\/wp-json\/wp\/v2\/users\/1"}],"replies":[{"embeddable":true,"href":"https:\/\/smiledentalnogales.com\/es\/wp-json\/wp\/v2\/comments?post=6549"}],"version-history":[{"count":2,"href":"https:\/\/smiledentalnogales.com\/es\/wp-json\/wp\/v2\/pages\/6549\/revisions"}],"predecessor-version":[{"id":16646,"href":"https:\/\/smiledentalnogales.com\/es\/wp-json\/wp\/v2\/pages\/6549\/revisions\/16646"}],"wp:attachment":[{"href":"https:\/\/smiledentalnogales.com\/es\/wp-json\/wp\/v2\/media?parent=6549"}],"curies":[{"name":"wp","href":"https:\/\/api.w.org\/{rel}","templated":true}]}}