{"id":6561,"date":"2019-09-17T03:23:28","date_gmt":"2019-09-17T03:23:28","guid":{"rendered":"http:\/\/smiledentalnogales.com\/?page_id=6561"},"modified":"2025-08-26T13:06:41","modified_gmt":"2025-08-26T20:06:41","slug":"oralsurgery","status":"publish","type":"page","link":"https:\/\/smiledentalnogales.com\/es\/oralsurgery\/","title":{"rendered":"Cirug\u00eda Oral"},"content":{"rendered":"<div class=\"brz-root__container brz-reset-all brz brz-root__container-page\">\n<section id=\"ef7feba25fe62e269738_hezrptqxkflqlpojnvlrnyysxfstaboghkwb\" class=\"brz-section brz-css-i8x3d6 brz-css-rrmfh9\">\n<div class=\"brz-section__content brz-section--fullWidth brz-css-13n154z brz-css-lrnb80\" data-brz-custom-id=\"mnlvtecyegfygjymshquqadtpfdhlxynanyu\">\n<div class=\"brz-bg\">\n<div class=\"brz-bg-image\"><\/div>\n<div class=\"brz-bg-color\"><\/div>\n<\/div>\n<div class=\"brz-container brz-css-1jvra1d brz-css-puw5bl\">\n<div class=\"brz-row__container brz-css-1e1klmg brz-css-tf04w4\" data-brz-custom-id=\"zxqktgatzeipweygqqmujmdocuuwxpvpdkio\">\n<div class=\"brz-row brz-css-7hpmqi brz-css-1bzgs9p brz-css-1pzuqt2\">\n<div class=\"brz-columns brz-css-1obit0s brz-css-qmrlcc\" data-brz-custom-id=\"hvtoekdfqnljajjpiupxvlwwkrmglkkekacf\">\n<div class=\"brz-column__items brz-css-1uwycem brz-css-1959i9v\">\n<div id=\"\" data-brz-iteration-count=\"1\" class=\"brz-css-1c2hnxv brz-css-1xtjaz brz-wrapper brz-animated brz-css-6uam32 brz-css-jr74wj\" data-animationid=\"cdtbsvuenyepktqtckqtplkyxpmowcwlmhpm\">\n<div class=\"brz-rich-text brz-rich-text__custom brz-css-1e3ek61 brz-css-hx0m6v\" data-brz-custom-id=\"sljfaflefoxdhyvplfwqjgojtzduxrxjhpty\">\n<div data-brz-translate-text=\"1\">\n<h1 class=\"brz-text-xs-left brz-tp-heading1 brz-text-lg-center brz-css-mYEHM\"><span class=\"brz-cp-color8\">CIRUGIA ORAL<\/span><\/h1>\n<\/div>\n<\/div>\n<\/div>\n<div id=\"\" data-brz-iteration-count=\"1\" class=\"brz-css-1c2hnxv brz-css-17nfzxe brz-wrapper brz-animated brz-css-oc1ice brz-css-133ihtx\" data-animationid=\"dxcxfoaympicljqxvcpxiilwhrnljvruxucp\">\n<div class=\"brz-rich-text brz-rich-text__custom brz-css-1e3ek61 brz-css-105g20z\" data-brz-custom-id=\"ifuwkjtnteuntbmpfgyfidzntgypoxbrhwnz\">\n<div data-brz-translate-text=\"1\">\n<h2 class=\"brz-text-xs-left brz-tp-lg-heading2 brz-text-lg-center brz-css-e9XzB\" data-generated-css=\"brz-css-whery\" data-uniq-id=\"dlxub\"><span class=\"brz-cp-color6\">Restaurando su Salud Oral<\/span><\/h2>\n<\/div>\n<\/div>\n<\/div>\n<\/div>\n<\/div>\n<\/div>\n<\/div>\n<\/div>\n<\/div>\n<\/section>\n<section id=\"6751e15e8c1357c52ee7_lodrbelqxiuhicbaugkknrvxwfccrngxlgnu\" class=\"brz-section brz-css-i8x3d6 brz-css-o6vnq1\">\n<div class=\"brz-section__content brz-section--boxed brz-css-13n154z brz-css-xa7qr9\" data-brz-custom-id=\"jhteghqwywzgvwxrpqzgoqyvacvhivmovfth\">\n<div class=\"brz-bg\">\n<div class=\"brz-bg-color\"><\/div>\n<\/div>\n<div class=\"brz-container brz-css-1jvra1d brz-css-o3f1gw\">\n<div class=\"brz-row__container brz-css-1e1klmg brz-css-63szvj\" data-brz-custom-id=\"umoreageveuznjwjeqjmtmhiofsqcuhsztkd\">\n<div class=\"brz-row brz-css-7hpmqi brz-css-1bzgs9p brz-css-ejkx00\">\n<div class=\"brz-columns brz-css-1obit0s brz-css-1xbaj7j\" data-brz-custom-id=\"finhfmfwrehzrgcyycfxoatzeajzzvrfybyd\">\n<div class=\"brz-column__items brz-css-1uwycem brz-css-15oq1w4\">\n<div id=\"\" class=\"brz-css-1c2hnxv brz-css-kbb5on brz-wrapper\">\n<div class=\"brz-image brz-css-uefqmd brz-css-1b4ltbz\" data-brz-custom-id=\"jspwdjwffchfpeijleqkxdpgnlspedrncxtj\"><picture class=\"brz-picture brz-d-block brz-p-relative brz-css-1cbuy2s brz-css-1udwcug\"><source srcset=\"https:\/\/smiledentalnogales.com\/wp-content\/uploads\/brizy\/imgs\/shutterstock_522277480-scaled-833x555x0x0x555x555x1576018597.jpg 1x, https:\/\/smiledentalnogales.com\/wp-content\/uploads\/brizy\/imgs\/shutterstock_522277480-scaled-1666x1110x0x0x1110x1110x1576018597.jpg 2x\" media=\"(min-width: 992px)\"><source srcset=\"https:\/\/smiledentalnogales.com\/wp-content\/uploads\/brizy\/imgs\/shutterstock_522277480-scaled-531x354x0x0x354x354x1576018597.jpg 1x, https:\/\/smiledentalnogales.com\/wp-content\/uploads\/brizy\/imgs\/shutterstock_522277480-scaled-1062x708x0x0x708x708x1576018597.jpg 2x\" media=\"(min-width: 768px)\"><img decoding=\"async\" class=\"brz-img\" srcset=\"https:\/\/smiledentalnogales.com\/wp-content\/uploads\/brizy\/imgs\/shutterstock_522277480-scaled-520x346x93x13x344x294x1576018597.jpg 1x, https:\/\/smiledentalnogales.com\/wp-content\/uploads\/brizy\/imgs\/shutterstock_522277480-scaled-1040x692x186x26x688x588x1576018597.jpg 2x\" src=\"https:\/\/smiledentalnogales.com\/wp-content\/uploads\/brizy\/imgs\/shutterstock_522277480-scaled-833x555x0x0x555x555x1576018597.jpg\" alt=\"oral surgery\" title=\"\" draggable=\"false\" loading=\"lazy\"><\/picture><\/div>\n<\/div>\n<\/div>\n<\/div>\n<div class=\"brz-columns brz-css-1obit0s brz-css-1e0dmo9\" data-brz-custom-id=\"awowcivsrllazjncpgjwzfwbctflcqmfigxp\">\n<div class=\"brz-column__items brz-css-1uwycem brz-css-17xd95l\">\n<div id=\"\" class=\"brz-css-1c2hnxv brz-css-1jmhe48 brz-wrapper\">\n<div class=\"brz-rich-text brz-rich-text__custom brz-css-1e3ek61 brz-css-stosai\" data-brz-custom-id=\"sshdbgmvbfoyqlicspgzinloaqxltmpfgqxp\">\n<div data-brz-translate-text=\"1\">\n<h2 class=\"brz-text-xs-center brz-tp-heading2 brz-text-lg-left brz-css-svncZ\">CIRUGIA ORAL<\/h2>\n<\/div>\n<\/div>\n<\/div>\n<div id=\"\" class=\"brz-css-1c2hnxv brz-css-f62ot4 brz-wrapper\">\n<div class=\"brz-rich-text brz-rich-text__custom brz-css-1e3ek61 brz-css-1cy5gwx\" data-brz-custom-id=\"xbkfusalsyyiocntpnvutsdkpynqglitzmvb\">\n<div data-brz-translate-text=\"1\">\n<p class=\"brz-mb-lg-20 brz-text-xs-center brz-text-lg-left brz-tp-lg-subtitle brz-mb-xs-15 brz-css-m0Z9r\" data-generated-css=\"brz-css-hibdw\" data-uniq-id=\"ivsth\"><em class=\"brz-cp-color1\">Explora los Avance en Cirugia Oral<\/em><\/p>\n<\/div>\n<\/div>\n<\/div>\n<div id=\"\" class=\"brz-css-1c2hnxv brz-css-7ai8ik brz-wrapper\">\n<div class=\"brz-rich-text brz-rich-text__custom brz-css-1e3ek61 brz-css-1xmljt2\" data-brz-custom-id=\"pembrncwakyqiiyxtuoutkzeiqdggxnpmmbl\">\n<div data-brz-translate-text=\"1\">\n<p class=\"brz-tp-lg-paragraph brz-css-dZGE7\" data-generated-css=\"brz-css-igzqi\" data-uniq-id=\"evzvw\"><span style=\"opacity: 1; color: rgb(31, 31, 31);\">La cirug\u00eda dental es un procedimiento regular necesario por una variedad de razones. Una de estas razones son las extracciones de muelas del juicio, pero hay muchas otras razones por las que la cirug\u00eda oral ser\u00eda necesaria. En Smile Dental Nogales, contamos con cirujanos dentales totalmente certificados con d\u00e9cadas de experiencia que pueden ayudarlo con sus necesidades de cirug\u00eda dental.<\/span><\/p>\n<p class=\"brz-tp-lg-paragraph brz-css-dkuTN\" data-generated-css=\"brz-css-igzqi\" data-uniq-id=\"evzvw\"><span style=\"opacity: 1; color: rgb(31, 31, 31);\"> <\/span><\/p>\n<p class=\"brz-mb-lg-20 brz-text-xs-center brz-mb-xs-15 brz-tp-lg-paragraph brz-css-lPx6o\" data-generated-css=\"brz-css-qcfmh\" data-uniq-id=\"lzezv\"><span style=\"opacity: 1; color: rgb(31, 31, 31);\">Un cirujano dental requiere capacitaci\u00f3n adicional para garantizar que todo el trabajo se realice de manera correcta y segura. Se debe prestar atenci\u00f3n precisa al diagn\u00f3stico, la intenci\u00f3n de la cirug\u00eda y la atenci\u00f3n de seguimiento que se requerir\u00e1. Puede confiar en Smile Dental Nogales para satisfacer sus necesidades quir\u00fargicas.<\/span><\/p>\n<\/div>\n<\/div>\n<\/div>\n<\/div>\n<\/div>\n<\/div>\n<\/div>\n<\/div>\n<\/div>\n<\/section>\n<section id=\"f7c2ae554989d7299bfc_xwbjwiobxccmdgaczfvkijhgxpnhchpacjnz\" class=\"brz-section brz-css-i8x3d6 brz-css-14jb94b\">\n<div class=\"brz-section__content brz-section--fullWidth brz-css-13n154z brz-css-cto67y\" data-brz-custom-id=\"izyybtepqavusuuccaedspcjecjypgwrsstk\">\n<div class=\"brz-bg\">\n<div class=\"brz-bg-color\"><\/div>\n<\/div>\n<div class=\"brz-container brz-css-1jvra1d brz-css-17t4a7y\">\n<div class=\"brz-row__container brz-css-1e1klmg brz-css-1xrvm9k\" data-brz-custom-id=\"xscvnuuvjfsdrsnmpgakcyiexuqmwrapeiph\">\n<div class=\"brz-row brz-css-7hpmqi brz-css-1bzgs9p brz-css-owsun0\">\n<div class=\"brz-columns brz-css-1obit0s brz-css-qtrufc\" data-brz-custom-id=\"ciczxgdylgqbkshfqoahuejbdgmxjuspedrk\">\n<div class=\"brz-bg\">\n<div class=\"brz-bg-image\"><\/div>\n<\/div>\n<div class=\"brz-column__items brz-css-1uwycem brz-css-1qvgegf\">\n<div id=\"\" class=\"brz-css-1c2hnxv brz-css-1ag23nx brz-css-evfa6n brz-wrapper\">\n<div class=\"brz-spacer brz-css-1287ijf brz-css-1akyc73\"><\/div>\n<\/div>\n<\/div>\n<\/div>\n<div class=\"brz-columns brz-css-1obit0s brz-css-1ka4piz\" data-brz-custom-id=\"mwkdboewcybooiperkmjumwrvbudyrogkpic\">\n<div class=\"brz-bg\">\n<div class=\"brz-bg-image\"><\/div>\n<\/div>\n<div class=\"brz-column__items brz-css-1uwycem brz-css-zwzd67\"><\/div>\n<\/div>\n<div class=\"brz-columns brz-css-1obit0s brz-css-2hif2w\" data-brz-custom-id=\"mijvrmbteuldqpifumljedixefqopucmmfux\">\n<div class=\"brz-bg\">\n<div class=\"brz-bg-image\"><\/div>\n<\/div>\n<div class=\"brz-column__items brz-css-1uwycem brz-css-13yjw40\"><\/div>\n<\/div>\n<div class=\"brz-columns brz-css-1obit0s brz-css-1icfbyw\" data-brz-custom-id=\"awnoueyrfxkdsguyfcftlnupguetqdiksrxn\">\n<div class=\"brz-bg\">\n<div class=\"brz-bg-image\"><\/div>\n<\/div>\n<div class=\"brz-column__items brz-css-1uwycem brz-css-1lhoyw2\"><\/div>\n<\/div>\n<\/div>\n<\/div>\n<\/div>\n<\/div>\n<\/section>\n<\/div>\n<p>    <!-- version:1756238801 --><\/p>","protected":false},"excerpt":{"rendered":"<p>ORAL SURGERY Restoring Your Oral Health ORAL SURGERY Exploring Advances in Oral Surgery Dental surgery is a regular procedure needed for a variety of reasons. One of these reasons is wisdom teeth extractions, but there are many other reasons why oral surgery would be necessary. At Smile Dental Nogales, we have fully certified dental surgeons [&hellip;]<\/p>\n","protected":false},"author":1,"featured_media":0,"parent":0,"menu_order":0,"comment_status":"closed","ping_status":"closed","template":"visual-builder-template.php","meta":{"_joinchat":[],"footnotes":""},"class_list":["post-6561","page","type-page","status-publish","hentry"],"_links":{"self":[{"href":"https:\/\/smiledentalnogales.com\/es\/wp-json\/wp\/v2\/pages\/6561","targetHints":{"allow":["GET"]}}],"collection":[{"href":"https:\/\/smiledentalnogales.com\/es\/wp-json\/wp\/v2\/pages"}],"about":[{"href":"https:\/\/smiledentalnogales.com\/es\/wp-json\/wp\/v2\/types\/page"}],"author":[{"embeddable":true,"href":"https:\/\/smiledentalnogales.com\/es\/wp-json\/wp\/v2\/users\/1"}],"replies":[{"embeddable":true,"href":"https:\/\/smiledentalnogales.com\/es\/wp-json\/wp\/v2\/comments?post=6561"}],"version-history":[{"count":1,"href":"https:\/\/smiledentalnogales.com\/es\/wp-json\/wp\/v2\/pages\/6561\/revisions"}],"predecessor-version":[{"id":16648,"href":"https:\/\/smiledentalnogales.com\/es\/wp-json\/wp\/v2\/pages\/6561\/revisions\/16648"}],"wp:attachment":[{"href":"https:\/\/smiledentalnogales.com\/es\/wp-json\/wp\/v2\/media?parent=6561"}],"curies":[{"name":"wp","href":"https:\/\/api.w.org\/{rel}","templated":true}]}}