{"id":6605,"date":"2019-09-17T04:56:48","date_gmt":"2019-09-17T04:56:48","guid":{"rendered":"http:\/\/smiledentalnogales.com\/?page_id=6605"},"modified":"2025-08-26T12:54:44","modified_gmt":"2025-08-26T19:54:44","slug":"general-dentistry","status":"publish","type":"page","link":"https:\/\/smiledentalnogales.com\/es\/general-dentistry\/","title":{"rendered":"Odontolog\u00eda General"},"content":{"rendered":"<div class=\"brz-root__container brz-reset-all brz brz-root__container-page\">\n<section id=\"2617103995b8b7d935ba_rofowgsfxqkthkzsideaspwcgovsmciazeis\" class=\"brz-section brz-css-r8skv brz-css-16ibbwg\">\n<div class=\"brz-section__content brz-section--fullWidth brz-css-1sr32qy brz-css-h4tqao\" data-brz-custom-id=\"yxcxcyqlyszdwsixhgurzemuqguypdzeytvf\">\n<div class=\"brz-bg\">\n<div class=\"brz-bg-image\"><\/div>\n<div class=\"brz-bg-color\"><\/div>\n<\/div>\n<div class=\"brz-container brz-css-lc2582 brz-css-j3jxmt\">\n<div class=\"brz-row__container brz-css-ji07ec brz-css-xmk75u\" data-brz-custom-id=\"khyurtdpuadwzwftajohpywtdjpwojsqilwt\">\n<div class=\"brz-row brz-css-a8ctge brz-css-1ypyc5s brz-css-16cnk8l\">\n<div class=\"brz-columns brz-css-ixzhvp brz-css-l36fr\" data-brz-custom-id=\"pxrynvxxqsgbpcitkaeuodyjrcqqzuhlvpgw\">\n<div class=\"brz-column__items brz-css-v1s1t9 brz-css-203vhg\">\n<div id=\"\" data-brz-iteration-count=\"1\" class=\"brz-css-8dc3jr brz-css-1lacfxh brz-wrapper brz-animated brz-css-1do21zx brz-css-6tevuu\" data-animationid=\"fnkfzshwzsbfczfyovpmmbvzgqonzzcgnnrj\">\n<div class=\"brz-rich-text brz-rich-text__custom brz-css-vw9qos brz-css-rpl1sl\" data-brz-custom-id=\"wmrhyaodpldskwmamhetmabbvuvktdyjanfw\">\n<div data-brz-translate-text=\"1\">\n<h1 class=\"brz-text-lg-center brz-tp-lg-heading1 brz-text-xs-left brz-css-cLX9K\" data-uniq-id=\"agqnm\" data-generated-css=\"brz-css-tpayp\"><strong class=\"brz-cp-color8\">Odontolog\u00eda General<\/strong><\/h1>\n<\/div>\n<\/div>\n<\/div>\n<div id=\"\" data-brz-iteration-count=\"1\" class=\"brz-css-8dc3jr brz-css-1pjztuo brz-wrapper brz-animated brz-css-1w9sqm1 brz-css-17mnm9f\" data-animationid=\"sygeivrdctciprpebgoufcxsrvfaroicyapq\">\n<div class=\"brz-rich-text brz-rich-text__custom brz-css-vw9qos brz-css-140c6k3\" data-brz-custom-id=\"wzkgyxhpqfxozqynwwknurczrrekceknmbdl\">\n<div data-brz-translate-text=\"1\">\n<h2 class=\"brz-text-xs-left brz-tp-heading2 brz-text-lg-center brz-css-yYbEn\"><span class=\"brz-cp-color6\">\u00a1Estamos a su disposici\u00f3n!<\/span><\/h2>\n<\/div>\n<\/div>\n<\/div>\n<\/div>\n<\/div>\n<\/div>\n<\/div>\n<\/div>\n<\/div>\n<\/section>\n<section id=\"e8b5dfe7896862eaee6b_cwqmcnngcuyzrhzpldtbpnyvspahoresqqep\" class=\"brz-section brz-css-r8skv brz-css-swm285\">\n<div class=\"brz-section__content brz-section--boxed brz-css-1sr32qy brz-css-ulix9x\" data-brz-custom-id=\"lvrlfkavkwatoydfoiknobymxuopusgvzbcs\">\n<div class=\"brz-bg\">\n<div class=\"brz-bg-color\"><\/div>\n<\/div>\n<div class=\"brz-container brz-css-lc2582 brz-css-2ccqe2\">\n<div class=\"brz-row__container brz-css-ji07ec brz-css-1qon6bz\" data-brz-custom-id=\"pmjlkzrnnnzawqdznkwqngzdbclrihwcgpqp\">\n<div class=\"brz-row brz-css-a8ctge brz-css-1ypyc5s brz-css-1jg004z\">\n<div class=\"brz-columns brz-css-ixzhvp brz-css-8n2196\" data-brz-custom-id=\"ogdsyrfphkxpwvgazeegrhgkftifjyrzjhsg\">\n<div class=\"brz-column__items brz-css-v1s1t9 brz-css-1il96ra\">\n<div id=\"\" class=\"brz-css-8dc3jr brz-css-11kmrrr brz-wrapper\">\n<div class=\"brz-rich-text brz-rich-text__custom brz-css-vw9qos brz-css-118ctty\" data-brz-custom-id=\"lkdeljehgknmcvgyynwngjcpvbraywutsbvu\">\n<div data-brz-translate-text=\"1\">\n<h2 class=\"brz-text-lg-left brz-tp-heading2 brz-text-xs-center brz-css-dpQou\"><span class=\"brz-cp-color2\">Odontolog\u00eda General<\/span><\/h2>\n<\/div>\n<\/div>\n<\/div>\n<div id=\"\" class=\"brz-css-8dc3jr brz-css-63x0ph brz-wrapper\">\n<div class=\"brz-rich-text brz-rich-text__custom brz-css-vw9qos brz-css-1gtb5y1\" data-brz-custom-id=\"ptqetsahaqzklpxchtbpukzdfjzqjliowxsr\">\n<div data-brz-translate-text=\"1\">\n<p class=\"brz-mb-xs-15 brz-tp-lg-subtitle brz-text-lg-left brz-text-xs-center brz-mb-lg-20 brz-css-y0udv\" data-generated-css=\"brz-css-afvhr\" data-uniq-id=\"fqhrw\"><em class=\"brz-cp-color5\">Asequible y al alcance de todos los presupuestos<\/em><\/p>\n<\/div>\n<\/div>\n<\/div>\n<div id=\"\" class=\"brz-css-8dc3jr brz-css-sq36ek brz-wrapper\">\n<div class=\"brz-rich-text brz-rich-text__custom brz-css-vw9qos brz-css-18s5ls8\" data-brz-custom-id=\"wsftwktckufwevavdglosvowlioerldvtsvf\">\n<div data-brz-translate-text=\"1\">\n<p class=\"brz-mb-lg-20 brz-text-xs-center brz-tp-lg-paragraph brz-mb-xs-15 brz-css-hExsH\" data-generated-css=\"brz-css-edocy\" data-uniq-id=\"drlpo\">La odontolog\u00eda general es el primer paso para conocer el estado actual de su salud bucal. El dentista general realiza un diagn\u00f3stico dental integral, a trav\u00e9s de una radiograf\u00eda panor\u00e1mica, y una exploraci\u00f3n intraoral en cada paciente. Crear\u00e1n un plan de tratamiento, evitando la extracci\u00f3n de cualquier diente y futuras complicaciones.<\/p>\n<p class=\"brz-mb-lg-20 brz-text-xs-center brz-tp-lg-paragraph brz-mb-xs-15 brz-css-eTy3J\" data-generated-css=\"brz-css-hbtkq\" data-uniq-id=\"wlbcd\">Nuestros expertos est\u00e1n calificados y capacitados para brindarle el mejor resultado y mantener su sonrisa hermosa y saludable.<\/p>\n<\/div>\n<\/div>\n<\/div>\n<\/div>\n<\/div>\n<div class=\"brz-columns brz-css-ixzhvp brz-css-v0rjoq\" data-brz-custom-id=\"irfyaqfqyhbeekninfimamhcinchtdplriqy\">\n<div class=\"brz-column__items brz-css-v1s1t9 brz-css-bt7lvz\">\n<div id=\"\" class=\"brz-css-8dc3jr brz-css-8h3dwz brz-wrapper\">\n<div class=\"brz-image brz-css-rfkeaz brz-css-160nx86\" data-brz-custom-id=\"wmpfzivzlmmjhhhuwsralemjmosqzvzpyirb\"><picture class=\"brz-picture brz-d-block brz-p-relative brz-css-d8722t brz-css-15p33mr\"><source srcset=\"https:\/\/smiledentalnogales.com\/wp-content\/uploads\/brizy\/imgs\/dr_smile_dental_2021-995x560x365x0x544x560x1629853877.jpg 1x, https:\/\/smiledentalnogales.com\/wp-content\/uploads\/brizy\/imgs\/dr_smile_dental_2021-1990x1120x730x0x1088x1120x1629853877.jpg 2x\" media=\"(min-width: 992px)\"><source srcset=\"https:\/\/smiledentalnogales.com\/wp-content\/uploads\/brizy\/imgs\/dr_smile_dental_2021-635x357x233x0x347x357x1629853877.jpg 1x, https:\/\/smiledentalnogales.com\/wp-content\/uploads\/brizy\/imgs\/dr_smile_dental_2021-1270x714x466x0x694x714x1629853877.jpg 2x\" media=\"(min-width: 768px)\"><img decoding=\"async\" class=\"brz-img\" srcset=\"https:\/\/smiledentalnogales.com\/wp-content\/uploads\/brizy\/imgs\/dr_smile_dental_2021-520x292x93x45x344x248x1629853877.jpg 1x, https:\/\/smiledentalnogales.com\/wp-content\/uploads\/brizy\/imgs\/dr_smile_dental_2021-1040x584x186x90x688x496x1629853877.jpg 2x\" src=\"https:\/\/smiledentalnogales.com\/wp-content\/uploads\/brizy\/imgs\/dr_smile_dental_2021-995x560x365x0x544x560x1629853877.jpg\" alt=\"\" title=\"dr_smile_dental_2021\" draggable=\"false\" loading=\"lazy\"><\/picture><\/div>\n<\/div>\n<div class=\"brz-row__container brz-css-ji07ec brz-css-2qup7m\" data-brz-custom-id=\"plmxdouctcpgoxxbnytuokegjuuawwxddqap\">\n<div class=\"brz-row brz-row--inner brz-css-a8ctge brz-css-1ypyc5s brz-css-1925a1e\">\n<div class=\"brz-columns brz-css-ixzhvp brz-css-vvjgt8\" data-brz-custom-id=\"sohfkwyvsretyijcmkjmxymjfnakgpbitjri\">\n<div class=\"brz-column__items brz-css-v1s1t9 brz-css-ldug7a\">\n<div id=\"\" class=\"brz-css-8dc3jr brz-css-1cltzk7 brz-wrapper\">\n<div class=\"brz-rich-text brz-rich-text__custom brz-css-vw9qos brz-css-rzj0lc\" data-brz-custom-id=\"spqgzzhepdznayfxfubsgeebtzrecdrjkzsu\">\n<div data-brz-translate-text=\"1\">\n<p class=\"brz-bcp-color2 brz-tp-lg-paragraph brz-css-xR5Kq\" data-generated-css=\"brz-css-dvepz\" data-uniq-id=\"lwvbo\"><\/p>\n<\/div>\n<\/div>\n<\/div>\n<\/div>\n<\/div>\n<\/div>\n<\/div>\n<\/div>\n<\/div>\n<\/div>\n<\/div>\n<\/div>\n<\/div>\n<\/section>\n<section id=\"2b57c5592e3ad49c30ac_riovaqaghsktewajdnzybdigrfhsjkaatymj\" class=\"brz-section brz-css-r8skv brz-css-17sv9sw\">\n<div class=\"brz-section__content brz-section--boxed brz-css-1sr32qy brz-css-1mseool\" data-brz-custom-id=\"dkjkpzjkkyjtyguuagfdtgtqevblwosxhpps\">\n<div class=\"brz-bg\">\n<div class=\"brz-bg-color\"><\/div>\n<\/div>\n<div class=\"brz-container brz-css-lc2582 brz-css-1p4kltm\">\n<div id=\"\" class=\"brz-css-8dc3jr brz-css-122xzjf brz-css-18k83j3 brz-wrapper\">\n<div class=\"brz-spacer brz-css-1ohmfbi brz-css-3347wh\"><\/div>\n<\/div>\n<div class=\"brz-row__container brz-css-ji07ec brz-css-1jo1ysd\" data-brz-custom-id=\"tmsvcsjshzilovozfobusjjlwdwqbsderabq\">\n<div class=\"brz-row brz-css-a8ctge brz-css-1ypyc5s brz-css-rnds0\">\n<div class=\"brz-columns brz-css-ixzhvp brz-css-1g1f7re\" data-brz-custom-id=\"wsirmcvzwqroihpxqazxfpovjwqxucgqxibz\">\n<div class=\"brz-column__items brz-css-v1s1t9 brz-css-1bafh7r\">\n<div id=\"\" class=\"brz-css-8dc3jr brz-css-9ftdaw brz-wrapper\">\n<div class=\"brz-image brz-css-49oqia brz-css-gtzbu2\" data-brz-custom-id=\"cxknxchtxcxhdofvaskzqvydmzghonolnchf\"><picture class=\"brz-picture brz-d-block brz-p-relative brz-css-pgvgxg brz-css-p6jfvv\"><source srcset=\"https:\/\/smiledentalnogales.com\/wp-content\/uploads\/brizy\/imgs\/regular-checkup-61x61x0x0x61x61x1576863899.png 1x, https:\/\/smiledentalnogales.com\/wp-content\/uploads\/brizy\/imgs\/regular-checkup-122x122x0x0x122x122x1576863899.png 2x\" media=\"(min-width: 992px)\"><source srcset=\"https:\/\/smiledentalnogales.com\/wp-content\/uploads\/brizy\/imgs\/regular-checkup-41x41x0x0x41x40x1576863899.png 1x, https:\/\/smiledentalnogales.com\/wp-content\/uploads\/brizy\/imgs\/regular-checkup-82x82x0x0x82x80x1576863899.png 2x\" media=\"(min-width: 768px)\"><img decoding=\"async\" class=\"brz-img\" srcset=\"https:\/\/smiledentalnogales.com\/wp-content\/uploads\/brizy\/imgs\/regular-checkup-77x77x0x0x77x77x1576863899.png 1x, https:\/\/smiledentalnogales.com\/wp-content\/uploads\/brizy\/imgs\/regular-checkup-154x154x0x0x154x154x1576863899.png 2x\" src=\"https:\/\/smiledentalnogales.com\/wp-content\/uploads\/brizy\/imgs\/regular-checkup-61x61x0x0x61x61x1576863899.png\" alt=\"regular-checkup\" title=\"\" draggable=\"false\" loading=\"lazy\"><\/picture><\/div>\n<\/div>\n<div id=\"\" class=\"brz-css-8dc3jr brz-css-3m71iz brz-wrapper\">\n<div class=\"brz-rich-text brz-rich-text__custom brz-css-vw9qos brz-css-18ncukz\" data-brz-custom-id=\"ptavaxftyqqgrynrsrwmciocffwbjhekdfeu\">\n<div data-brz-translate-text=\"1\">\n<h5 class=\"brz-text-lg-center brz-tp-lg-heading5 brz-css-oGKkV\" data-uniq-id=\"dizuz\" data-generated-css=\"brz-css-mczai\"><span class=\"brz-cp-color3\">Revisiones Regulares<\/span><\/h5>\n<\/div>\n<\/div>\n<\/div>\n<div id=\"\" class=\"brz-css-8dc3jr brz-css-173s6lw brz-wrapper\">\n<div class=\"brz-rich-text brz-rich-text__custom brz-css-vw9qos brz-css-1w6azwk\" data-brz-custom-id=\"uarvgdpwrewarispmldmsxjyuspajauecasg\">\n<div data-brz-translate-text=\"1\">\n<p class=\"brz-mb-lg-20 brz-mb-xs-10 brz-text-lg-center brz-tp-lg-paragraph brz-css-kQk2v\" data-uniq-id=\"ehhpx\" data-generated-css=\"brz-css-hvmew\"><span class=\"brz-cp-color2\">Un componente clave de la salud dental es asegurarse y de ver a un dentista al menos dos veces al a\u00f1o. Cuente con Smile Dental para sus revisiones regulares.<\/span><\/p>\n<\/div>\n<\/div>\n<\/div>\n<\/div>\n<\/div>\n<div class=\"brz-columns brz-css-ixzhvp brz-css-k8m8pv\" data-brz-custom-id=\"aiaoedjmjblkvecprqvyivulmilviycqexlo\">\n<div class=\"brz-column__items brz-css-v1s1t9 brz-css-19l96bw\">\n<div id=\"\" class=\"brz-css-8dc3jr brz-css-1nndftz brz-wrapper\">\n<div class=\"brz-image brz-css-1abmxn8 brz-css-1763a2t\" data-brz-custom-id=\"khpueizqjulcjqrqxmhswcpdfrfwkgibljtr\"><picture class=\"brz-picture brz-d-block brz-p-relative brz-css-11jc7gi brz-css-1wvybvv\"><source srcset=\"https:\/\/smiledentalnogales.com\/wp-content\/uploads\/brizy\/imgs\/icon-2-71x71x0x2x71x68x1576863900.png 1x, https:\/\/smiledentalnogales.com\/wp-content\/uploads\/brizy\/imgs\/icon-2-142x142x0x4x142x136x1576863900.png 2x\" media=\"(min-width: 992px)\"><source srcset=\"https:\/\/smiledentalnogales.com\/wp-content\/uploads\/brizy\/imgs\/icon-2-47x47x0x1x47x45x1576863900.png 1x, https:\/\/smiledentalnogales.com\/wp-content\/uploads\/brizy\/imgs\/icon-2-94x94x0x2x94x90x1576863900.png 2x\" media=\"(min-width: 768px)\"><img decoding=\"async\" class=\"brz-img\" srcset=\"https:\/\/smiledentalnogales.com\/wp-content\/uploads\/brizy\/imgs\/icon-2-90x90x0x2x90x86x1576863900.png 1x, https:\/\/smiledentalnogales.com\/wp-content\/uploads\/brizy\/imgs\/icon-2-180x180x0x4x180x172x1576863900.png 2x\" src=\"https:\/\/smiledentalnogales.com\/wp-content\/uploads\/brizy\/imgs\/icon-2-71x71x0x2x71x68x1576863900.png\" alt=\"icon-2\" title=\"\" draggable=\"false\" loading=\"lazy\"><\/picture><\/div>\n<\/div>\n<div id=\"\" class=\"brz-css-8dc3jr brz-css-19s95an brz-wrapper\">\n<div class=\"brz-rich-text brz-rich-text__custom brz-css-vw9qos brz-css-1kc7njs\" data-brz-custom-id=\"beoziyqbhgwompngwhvjbcefqkkihtqrajbx\">\n<div data-brz-translate-text=\"1\">\n<h5 class=\"brz-tp-lg-heading5 brz-text-lg-center brz-css-gEz5T\" data-uniq-id=\"wbngx\" data-generated-css=\"brz-css-ixlrw\"><span class=\"brz-cp-color3\">Limpiezas Dentales<\/span><\/h5>\n<\/div>\n<\/div>\n<\/div>\n<div id=\"\" class=\"brz-css-8dc3jr brz-css-r5pzgc brz-wrapper\">\n<div class=\"brz-rich-text brz-rich-text__custom brz-css-vw9qos brz-css-150vv40\" data-brz-custom-id=\"fuflwyogupwjxnqbjxmmqcropyqcrtuespaj\">\n<div data-brz-translate-text=\"1\">\n<p class=\"brz-tp-lg-paragraph brz-text-lg-center brz-css-yVLPY\" data-generated-css=\"brz-css-qicen\" data-uniq-id=\"gdolx\">El cepillado y el uso del hilo dental son un gran comienzo, pero para mantener sus dientes realmente sanos, necesita una limpieza dental profesional al menos dos veces al a\u00f1o.<\/p>\n<\/div>\n<\/div>\n<\/div>\n<\/div>\n<\/div>\n<div class=\"brz-columns brz-css-ixzhvp brz-css-e181m4\" data-brz-custom-id=\"vqifgyrdycnlslpsmvaopaqoksqqfcvagquo\">\n<div class=\"brz-column__items brz-css-v1s1t9 brz-css-1tpnoqi\">\n<div id=\"\" class=\"brz-css-8dc3jr brz-css-1h89rux brz-wrapper\">\n<div class=\"brz-image brz-css-twg9xt brz-css-s3o9w1\" data-brz-custom-id=\"khlggewyajhseigmswsfkzhgwdtcyjkhuwsh\"><picture class=\"brz-picture brz-d-block brz-p-relative brz-css-1xgkkxb brz-css-mp7b7k\"><source srcset=\"https:\/\/smiledentalnogales.com\/wp-content\/uploads\/brizy\/imgs\/icon-2-72x72x0x2x72x68x1576863900.png 1x, https:\/\/smiledentalnogales.com\/wp-content\/uploads\/brizy\/imgs\/icon-2-144x144x0x4x144x136x1576863900.png 2x\" media=\"(min-width: 992px)\"><source srcset=\"https:\/\/smiledentalnogales.com\/wp-content\/uploads\/brizy\/imgs\/icon-2-48x48x0x1x48x45x1576863900.png 1x, https:\/\/smiledentalnogales.com\/wp-content\/uploads\/brizy\/imgs\/icon-2-96x96x0x2x96x90x1576863900.png 2x\" media=\"(min-width: 768px)\"><img decoding=\"async\" class=\"brz-img\" srcset=\"https:\/\/smiledentalnogales.com\/wp-content\/uploads\/brizy\/imgs\/icon-2-90x90x0x2x90x86x1576863900.png 1x, https:\/\/smiledentalnogales.com\/wp-content\/uploads\/brizy\/imgs\/icon-2-180x180x0x4x180x172x1576863900.png 2x\" src=\"https:\/\/smiledentalnogales.com\/wp-content\/uploads\/brizy\/imgs\/icon-2-72x72x0x2x72x68x1576863900.png\" alt=\"icon-2\" title=\"\" draggable=\"false\" loading=\"lazy\"><\/picture><\/div>\n<\/div>\n<div id=\"\" class=\"brz-css-8dc3jr brz-css-4fw04m brz-wrapper\">\n<div class=\"brz-rich-text brz-rich-text__custom brz-css-vw9qos brz-css-1r3952h\" data-brz-custom-id=\"dfegkicrkaviejozqjlcnzysrgmyjacwiiyj\">\n<div data-brz-translate-text=\"1\">\n<h5 class=\"brz-tp-lg-heading5 brz-text-lg-center brz-css-au7Cf\" data-uniq-id=\"xccav\" data-generated-css=\"brz-css-gsbgb\"><span class=\"brz-cp-color3\">Diagn\u00f3sticos Dentales <\/span><\/h5>\n<\/div>\n<\/div>\n<\/div>\n<div id=\"\" class=\"brz-css-8dc3jr brz-css-d60bwb brz-wrapper\">\n<div class=\"brz-rich-text brz-rich-text__custom brz-css-vw9qos brz-css-12w7p6x\" data-brz-custom-id=\"rcagwbbtcypdbpbwbnfqpsqoqyiezsctjfce\">\n<div data-brz-translate-text=\"1\">\n<p class=\"brz-text-lg-center brz-tp-lg-paragraph brz-css-s6njF\" data-generated-css=\"brz-css-aqegu\" data-uniq-id=\"webvk\">Contamos con el personal y la capacitaci\u00f3n para diagnosticar y tratar adecuadamente todas las afecciones dentales que nuestros clientes puedan tener.<\/p>\n<\/div>\n<\/div>\n<\/div>\n<\/div>\n<\/div>\n<\/div>\n<\/div>\n<div id=\"\" class=\"brz-css-8dc3jr brz-css-122xzjf brz-css-1xkxhuu brz-wrapper\">\n<div class=\"brz-spacer brz-css-1ohmfbi brz-css-6ic98\"><\/div>\n<\/div>\n<\/div>\n<\/div>\n<\/section>\n<section id=\"f350dc61b47a1113f948_cxnehycccqlwrmlnopgcdhrqnwirlnwddiry\" class=\"brz-section brz-css-r8skv brz-css-akxybn\">\n<div class=\"brz-section__content brz-section--fullWidth brz-css-1sr32qy brz-css-184gqi4\" data-brz-custom-id=\"rrgsxfykhzrrgkgjjnftdetyqqvpxxlewett\">\n<div class=\"brz-bg\">\n<div class=\"brz-bg-color\"><\/div>\n<\/div>\n<div class=\"brz-container brz-css-lc2582 brz-css-1jm1dg5\">\n<div class=\"brz-row__container brz-css-ji07ec brz-css-1lxuv97\" data-brz-custom-id=\"jcitzqgheaoiieauwhdrgyooorkfedbthxyp\">\n<div class=\"brz-row brz-css-a8ctge brz-css-1ypyc5s brz-css-1kre8ua\">\n<div class=\"brz-columns brz-css-ixzhvp brz-css-cnninc\" data-brz-custom-id=\"tgyvvmcibhydeholkbuzkhyloqilygvnjniv\">\n<div class=\"brz-bg\">\n<div class=\"brz-bg-image\"><\/div>\n<div class=\"brz-bg-color\"><\/div>\n<\/div>\n<div class=\"brz-column__items brz-css-v1s1t9 brz-css-30hk93\">\n<div id=\"\" class=\"brz-css-8dc3jr brz-css-122xzjf brz-css-12e85s brz-wrapper\">\n<div class=\"brz-spacer brz-css-1ohmfbi brz-css-1r9xnye\"><\/div>\n<\/div>\n<\/div>\n<\/div>\n<div class=\"brz-columns brz-css-ixzhvp brz-css-1eawd5r\" data-brz-custom-id=\"soydfwuixcuocsqkiunrlyjqvtormhaquugt\">\n<div class=\"brz-bg\">\n<div class=\"brz-bg-image\"><\/div>\n<\/div>\n<div class=\"brz-column__items brz-css-v1s1t9 brz-css-1nn2qk9\"><\/div>\n<\/div>\n<div class=\"brz-columns brz-css-ixzhvp brz-css-sj1ff\" data-brz-custom-id=\"hncqxlzqscnvwzlkkxhilqeagdapgdcfjkxu\">\n<div class=\"brz-bg\">\n<div class=\"brz-bg-image\"><\/div>\n<\/div>\n<div class=\"brz-column__items brz-css-v1s1t9 brz-css-l7eev4\"><\/div>\n<\/div>\n<div class=\"brz-columns brz-css-ixzhvp brz-css-11k725k\" data-brz-custom-id=\"qgqtwuulsgqzrpdqlueokmivqzpygcjphmrz\">\n<div class=\"brz-bg\">\n<div class=\"brz-bg-image\"><\/div>\n<\/div>\n<div class=\"brz-column__items brz-css-v1s1t9 brz-css-1ujend6\"><\/div>\n<\/div>\n<\/div>\n<\/div>\n<\/div>\n<\/div>\n<\/section>\n<\/div>\n<p>    <!-- version:1756238084 --><\/p>","protected":false},"excerpt":{"rendered":"<p>General Dentistry We have you covered General Dentistry Affordable and within reach of all budgets General dentistry is the first step to knowing the current state of your oral health. The general dentist makes a comprehensive dental diagnosis, through a panoramic x-ray, and an intraoral scan in each patient. They will create a treatment plan, [&hellip;]<\/p>\n","protected":false},"author":1,"featured_media":0,"parent":0,"menu_order":0,"comment_status":"closed","ping_status":"closed","template":"visual-builder-template.php","meta":{"_joinchat":[],"footnotes":""},"class_list":["post-6605","page","type-page","status-publish","hentry"],"_links":{"self":[{"href":"https:\/\/smiledentalnogales.com\/es\/wp-json\/wp\/v2\/pages\/6605","targetHints":{"allow":["GET"]}}],"collection":[{"href":"https:\/\/smiledentalnogales.com\/es\/wp-json\/wp\/v2\/pages"}],"about":[{"href":"https:\/\/smiledentalnogales.com\/es\/wp-json\/wp\/v2\/types\/page"}],"author":[{"embeddable":true,"href":"https:\/\/smiledentalnogales.com\/es\/wp-json\/wp\/v2\/users\/1"}],"replies":[{"embeddable":true,"href":"https:\/\/smiledentalnogales.com\/es\/wp-json\/wp\/v2\/comments?post=6605"}],"version-history":[{"count":1,"href":"https:\/\/smiledentalnogales.com\/es\/wp-json\/wp\/v2\/pages\/6605\/revisions"}],"predecessor-version":[{"id":16637,"href":"https:\/\/smiledentalnogales.com\/es\/wp-json\/wp\/v2\/pages\/6605\/revisions\/16637"}],"wp:attachment":[{"href":"https:\/\/smiledentalnogales.com\/es\/wp-json\/wp\/v2\/media?parent=6605"}],"curies":[{"name":"wp","href":"https:\/\/api.w.org\/{rel}","templated":true}]}}