{"id":6615,"date":"2019-09-17T05:01:06","date_gmt":"2019-09-17T05:01:06","guid":{"rendered":"http:\/\/smiledentalnogales.com\/?page_id=6615"},"modified":"2025-07-16T14:52:41","modified_gmt":"2025-07-16T21:52:41","slug":"prosthodontics","status":"publish","type":"page","link":"https:\/\/smiledentalnogales.com\/es\/prosthodontics\/","title":{"rendered":"Prostodoncia"},"content":{"rendered":"<div class=\"brz-root__container brz-reset-all brz brz-root__container-page\">\n<section id=\"_nwmdgrdslfimrblncmuwttonilgpksqbecsi\" class=\"brz-section brz-css-1psqoqa brz-css-1bdaixe\">\n<div class=\"brz-section__content brz-section--fullWidth brz-css-g9i6nm brz-css-qox8xk\" data-brz-custom-id=\"olvkyaubynfcsvqjhcmkksvoenakmefrllpv\">\n<div class=\"brz-bg\">\n<div class=\"brz-bg-image\"><\/div>\n<div class=\"brz-bg-color\"><\/div>\n<\/div>\n<div class=\"brz-container brz-css-mbiqk9 brz-css-m9ozop\">\n<div class=\"brz-row__container brz-css-aaiwsp\" data-brz-custom-id=\"bxbfscwnbydwqngqxnhzpuvsxdihgactlaeo\">\n<div class=\"brz-bg\"><\/div>\n<div class=\"brz-row brz-css-kdc4kr brz-css-1s3v4mi\">\n<div class=\"brz-columns brz-css-1d8vwml brz-css-mfsr18\" data-brz-custom-id=\"rixsvjodzpiulkvrwunzhzkdwnmpsmqnzltb\">\n<div class=\"brz-bg\"><\/div>\n<div class=\"brz-column__items brz-css-1n7x4o9 brz-css-14bli6v\">\n<div id=\"\" data-brz-iteration-count=\"1\" class=\"brz-css-1tbsf01 brz-css-1lxopdq brz-wrapper brz-animated brz-css-h5uny7 brz-css-pzchdi\" data-animationid=\"hgydhwfontaheaulxpadicrbrpmbrnxtqzyw\">\n<div class=\"brz-rich-text brz-rich-text__custom brz-css-6x2v6d\" data-brz-custom-id=\"mefmiusrlejxybemapznxwatdtkxtdlwpvdl\">\n<div data-brz-translate-text=\"1\">\n<h1 class=\"brz-text-xs-left brz-tp-heading1 brz-text-lg-center brz-css-dNiwZ\"><span class=\"brz-cp-color8\">Prostodoncia<\/span><\/h1>\n<\/div>\n<\/div>\n<\/div>\n<div id=\"\" data-brz-iteration-count=\"1\" class=\"brz-css-1tbsf01 brz-css-vuccr1 brz-wrapper brz-animated brz-css-14ognu4 brz-css-1mjutre\" data-animationid=\"itssnytyggothpqfqhaqdurnndmzmkpfxcsz\">\n<div class=\"brz-rich-text brz-rich-text__custom brz-css-6x2v6d\" data-brz-custom-id=\"ddubrrsjgnfjntqtaizzyzdzfdlidlaeyaea\">\n<div data-brz-translate-text=\"1\">\n<h2 class=\"brz-text-lg-center brz-tp-heading2 brz-text-xs-left brz-css-oOs3b\"><span class=\"brz-cp-color6\">\u00a1Puedes recuperar tu sonrisa!<\/span><\/h2>\n<\/div>\n<\/div>\n<\/div>\n<\/div>\n<\/div>\n<\/div>\n<\/div>\n<\/div>\n<\/div>\n<\/section>\n<section id=\"_phvgbhrvscmmokxpswdshebrfamkcszcebsf\" class=\"brz-section brz-css-1psqoqa\">\n<div class=\"brz-section__content brz-section--boxed brz-css-g9i6nm brz-css-1f1ityg\" data-brz-custom-id=\"pxponvfejyrwtdroscmnustaysdstslecuap\">\n<div class=\"brz-bg\">\n<div class=\"brz-bg-color\"><\/div>\n<\/div>\n<div class=\"brz-container brz-css-mbiqk9\">\n<div class=\"brz-row__container brz-css-aaiwsp\" data-brz-custom-id=\"wsmmylxfmzghdybxjyhuucsagzacmxygynja\">\n<div class=\"brz-bg\"><\/div>\n<div class=\"brz-row brz-css-kdc4kr brz-css-1s3v4mi\">\n<div class=\"brz-columns brz-css-1d8vwml brz-css-173qsm3\" data-brz-custom-id=\"wjocwlsqyfvwgbjkcxjezrzcwxptviuvmyja\">\n<div class=\"brz-bg\"><\/div>\n<div class=\"brz-column__items brz-css-1n7x4o9 brz-css-1bve0un\">\n<div id=\"\" class=\"brz-css-1tbsf01 brz-css-xncmks brz-wrapper\">\n<div class=\"brz-rich-text brz-rich-text__custom brz-css-6x2v6d\" data-brz-custom-id=\"llckimydihglksytwvgshogevklcbclszlkr\">\n<div data-brz-translate-text=\"1\">\n<h2 class=\"brz-text-lg-left brz-tp-heading2 brz-text-xs-center brz-css-m2LjB\"><span class=\"brz-cp-color2\">Reemplaza tus dientes<\/span><\/h2>\n<\/div>\n<\/div>\n<\/div>\n<div id=\"\" class=\"brz-css-1tbsf01 brz-css-zzqnfe brz-wrapper\">\n<div class=\"brz-rich-text brz-rich-text__custom brz-css-6x2v6d\" data-brz-custom-id=\"hzxnhukitwciixoqnquxyoorbxwzfffkgmwr\">\n<div data-brz-translate-text=\"1\">\n<p class=\"brz-mb-xs-15 brz-tp-subtitle brz-text-lg-left brz-text-xs-center brz-mb-lg-20 brz-css-epAgx\"><em class=\"brz-cp-color3\">Asequible y al alcance de todos los presupuestos<\/em><\/p>\n<\/div>\n<\/div>\n<\/div>\n<div id=\"\" class=\"brz-css-1tbsf01 brz-wrapper\">\n<div class=\"brz-rich-text brz-rich-text__custom brz-css-6x2v6d\" data-brz-custom-id=\"pxsoikjctmlwvdiyizkjbwhdwzxexcltmirc\">\n<div data-brz-translate-text=\"1\">\n<p class=\"brz-mb-lg-20 brz-text-xs-center brz-mb-xs-15 brz-tp-lg-paragraph brz-css-ae4Zl\" data-generated-css=\"brz-css-ifohr\" data-uniq-id=\"vahhe\"><span class=\"brz-cp-color7\">Smile Dental Nogales se especializa en el tratamiento y manejo dental&nbsp;<\/span><strong class=\"brz-cp-color7\">dental<\/strong><span class=\"brz-cp-color7\">&nbsp;y problemas faciales que implican restaurar las estructuras faltantes de los dientes y la mand\u00edbula. Nuestro&nbsp;<\/span><strong class=\"brz-cp-color7\">Prostodontistas<\/strong><span class=\"brz-cp-color7\">&nbsp;est\u00e1n altamente capacitados en cosm\u00e9ticos,&nbsp;<\/span><strong class=\"brz-cp-color7\">dental<\/strong><span class=\"brz-cp-color7\">&nbsp;implantes, coronas, puentes, dentaduras postizas, trastornos temporomandibulares y m\u00e1s. Vis\u00edtenos en nuestra cl\u00ednica de Nogales para una consulta. \u00bfPor qu\u00e9 gastar su dinero en una cl\u00ednica en Tucson o Phoenix cuando puede obtener todos sus servicios en un solo lugar?<\/span><\/p>\n<\/div>\n<\/div>\n<\/div>\n<div id=\"\" class=\"brz-css-1tbsf01 brz-wrapper\">\n<div class=\"brz-rich-text brz-rich-text__custom brz-css-6x2v6d\" data-brz-custom-id=\"lngqxxczynwytzcmpekgjrzmlqznkxvgqmel\">\n<div data-brz-translate-text=\"1\">\n<p class=\"brz-mb-lg-20 brz-text-xs-center brz-tp-lg-paragraph brz-mb-xs-15 brz-css-rzFlh\" data-generated-css=\"brz-css-tglky\" data-uniq-id=\"gudjy\"><span class=\"brz-cp-color2\">Tenemos un laboratorio dental completo y podemos hacer la mayor\u00eda de los procesos en la casa, lo que significa menos tiempo de espera para su nueva belleza. <\/span><\/p>\n<\/div>\n<\/div>\n<\/div>\n<\/div>\n<\/div>\n<div class=\"brz-columns brz-css-1d8vwml\" data-brz-custom-id=\"sjkrvqagluprcvzzidxcsydddzorhbaotdgh\">\n<div class=\"brz-bg\"><\/div>\n<div class=\"brz-column__items brz-css-1n7x4o9 brz-css-8u2mpd\">\n<div id=\"\" class=\"brz-css-1tbsf01 brz-css-asxgv2 brz-wrapper\">\n<div class=\"brz-image brz-css-1cqa2uh\" data-brz-custom-id=\"xwejaxgwmfgsktixikadwrluhmjuxkeqisks\"><img decoding=\"async\" class=\"brz-img\" src=\"https:\/\/smiledentalnogales.com\/wp-content\/uploads\/brizy\/imgs\/prosthodontics-smile-dental-833x555x31x0x555x555x1576611497.png\" alt=\"\" loading=\"lazy\"><\/div>\n<\/div>\n<\/div>\n<\/div>\n<\/div>\n<\/div>\n<\/div>\n<\/div>\n<\/section>\n<section id=\"_pscywpldhyppxrvgepshtdbukifdxqgomakj\" class=\"brz-section brz-css-1psqoqa\">\n<div class=\"brz-section__content brz-section--fullWidth brz-css-g9i6nm brz-css-1x2n55s\" data-brz-custom-id=\"wxkjkudwoxgjbkmjcyvcjuadtjorvatlcbus\">\n<div class=\"brz-bg\">\n<div class=\"brz-bg-color\"><\/div>\n<\/div>\n<div class=\"brz-container brz-css-mbiqk9 brz-css-1qt2ojm\">\n<div class=\"brz-row__container brz-css-aaiwsp\" data-brz-custom-id=\"awqyxmzkwoknvlxkldianrlttbrrmxblqkjk\">\n<div class=\"brz-bg\"><\/div>\n<div class=\"brz-row brz-css-kdc4kr brz-css-1s3v4mi\">\n<div class=\"brz-columns brz-css-1d8vwml brz-css-1veztra\" data-brz-custom-id=\"cdbykdasksjtkatehimoyyumngvlbziomcvw\">\n<div class=\"brz-bg\">\n<div class=\"brz-bg-image\"><\/div>\n<div class=\"brz-bg-color\"><\/div>\n<\/div>\n<div class=\"brz-column__items brz-css-1n7x4o9 brz-css-2v9ste\">\n<div id=\"\" class=\"brz-css-1tbsf01 brz-css-1ohqrsi brz-wrapper\">\n<div class=\"brz-spacer brz-css-1tj9fp1 brz-css-mw3xdc\"><\/div>\n<\/div>\n<\/div>\n<\/div>\n<div class=\"brz-columns brz-css-1d8vwml brz-css-hzpytl\" data-brz-custom-id=\"jtawvrncteixehhsvkwlfywgvqjpozzbtdpn\">\n<div class=\"brz-bg\">\n<div class=\"brz-bg-image\"><\/div>\n<\/div>\n<div class=\"brz-column__items brz-css-1n7x4o9 brz-css-1nqi8vt\"><\/div>\n<\/div>\n<div class=\"brz-columns brz-css-1d8vwml brz-css-1sqt73d\" data-brz-custom-id=\"ovyflmildrlmrhiqwpyozluqwzrpvtzmgepc\">\n<div class=\"brz-bg\">\n<div class=\"brz-bg-image\"><\/div>\n<\/div>\n<div class=\"brz-column__items brz-css-1n7x4o9 brz-css-1q5a1v1\"><\/div>\n<\/div>\n<div class=\"brz-columns brz-css-1d8vwml brz-css-1p5u1bf\" data-brz-custom-id=\"olbdhnevqhamyrbjhcjsplnuobpwbztxrucm\">\n<div class=\"brz-bg\">\n<div class=\"brz-bg-image\"><\/div>\n<\/div>\n<div class=\"brz-column__items brz-css-1n7x4o9 brz-css-1qnn49e\"><\/div>\n<\/div>\n<\/div>\n<\/div>\n<\/div>\n<\/div>\n<\/section>\n<\/div>\n<p>    <!-- version:1737055157 --><\/p>","protected":false},"excerpt":{"rendered":"<p>Prosthodontics You can get your smile back Replacing Teeth Affordable and with in reach of all budgets Smile design Nogales specializes in treating and handling&nbsp;dental&nbsp;and facial problems that involve restoring missing tooth and jaw structures. Our&nbsp;prosthodontists&nbsp;are highly trained in cosmetics,&nbsp;dental&nbsp;implants, crowns, bridges, dentures, temporomandibular disorders, and more. Come visit us in our Nogales clinic for [&hellip;]<\/p>\n","protected":false},"author":1,"featured_media":0,"parent":0,"menu_order":0,"comment_status":"closed","ping_status":"closed","template":"visual-builder-template.php","meta":{"_joinchat":[],"footnotes":""},"class_list":["post-6615","page","type-page","status-publish","hentry"],"_links":{"self":[{"href":"https:\/\/smiledentalnogales.com\/es\/wp-json\/wp\/v2\/pages\/6615","targetHints":{"allow":["GET"]}}],"collection":[{"href":"https:\/\/smiledentalnogales.com\/es\/wp-json\/wp\/v2\/pages"}],"about":[{"href":"https:\/\/smiledentalnogales.com\/es\/wp-json\/wp\/v2\/types\/page"}],"author":[{"embeddable":true,"href":"https:\/\/smiledentalnogales.com\/es\/wp-json\/wp\/v2\/users\/1"}],"replies":[{"embeddable":true,"href":"https:\/\/smiledentalnogales.com\/es\/wp-json\/wp\/v2\/comments?post=6615"}],"version-history":[{"count":0,"href":"https:\/\/smiledentalnogales.com\/es\/wp-json\/wp\/v2\/pages\/6615\/revisions"}],"wp:attachment":[{"href":"https:\/\/smiledentalnogales.com\/es\/wp-json\/wp\/v2\/media?parent=6615"}],"curies":[{"name":"wp","href":"https:\/\/api.w.org\/{rel}","templated":true}]}}