{"id":6622,"date":"2019-09-17T05:04:38","date_gmt":"2019-09-17T05:04:38","guid":{"rendered":"http:\/\/smiledentalnogales.com\/?page_id=6622"},"modified":"2025-07-16T14:52:06","modified_gmt":"2025-07-16T21:52:06","slug":"periodontics","status":"publish","type":"page","link":"https:\/\/smiledentalnogales.com\/es\/periodontics\/","title":{"rendered":"Periodoncia"},"content":{"rendered":"<div class=\"brz-root__container brz-reset-all brz brz-root__container-page\">\n<section id=\"_jrcmjjwhqxbrxlkcppkbwfzuuwftjjzacglv\" class=\"brz-section brz-css-modjbw brz-css-4vi980\">\n<div class=\"brz-section__content brz-section--fullWidth brz-css-ts42fd brz-css-10m7a4q\" data-brz-custom-id=\"wsmlquokvyonvcrruqeqrpcmdzxqhuhctdaz\">\n<div class=\"brz-bg\">\n<div class=\"brz-bg-image\"><\/div>\n<div class=\"brz-bg-color\"><\/div>\n<\/div>\n<div class=\"brz-container brz-css-1p54li1 brz-css-19ca7ag\">\n<div class=\"brz-row__container brz-css-136ew6p\" data-brz-custom-id=\"alxnfzgugvfwwpvvyvpcncywfybpwoezjybf\">\n<div class=\"brz-bg\"><\/div>\n<div class=\"brz-row brz-css-1tni2q2 brz-css-r5bpcs\">\n<div class=\"brz-columns brz-css-zq4m95 brz-css-1udpqzr\" data-brz-custom-id=\"ymoyoinigougiiknvpqjotnrkmzzrxqaoruh\">\n<div class=\"brz-bg\"><\/div>\n<div class=\"brz-column__items brz-css-1y3a5zc brz-css-3ld10d\">\n<div id=\"\" data-brz-iteration-count=\"1\" class=\"brz-css-za2fip brz-css-n2ftd2 brz-wrapper brz-animated brz-css-1ftgg7o brz-css-ulbl5v\" data-animationid=\"tmwltrahpoozlihpbwowzduqtslqhhxpnkqq\">\n<div class=\"brz-rich-text brz-rich-text__custom brz-css-10rvoo0\" data-brz-custom-id=\"muiejthopnsscarhkownnvyuubpmnicyzzhj\">\n<div data-brz-translate-text=\"1\">\n<h1 class=\"brz-text-xs-left brz-tp-heading1 brz-text-lg-center brz-css-toKBX\"><span class=\"brz-cp-color8\">PERIODONCIA<\/span><\/h1>\n<\/div>\n<\/div>\n<\/div>\n<div id=\"\" data-brz-iteration-count=\"1\" class=\"brz-css-za2fip brz-css-4u9125 brz-wrapper brz-animated brz-css-1u2pz10 brz-css-oozcdu\" data-animationid=\"eqaysxeiafjptfurnabvopfyyeidwvmzgcis\">\n<div class=\"brz-rich-text brz-rich-text__custom brz-css-10rvoo0\" data-brz-custom-id=\"oarbgcddgcfvxzgfhxxsfidokcbruvkonyvz\">\n<div data-brz-translate-text=\"1\">\n<h2 class=\"brz-text-xs-left brz-tp-heading2 brz-text-lg-center brz-css-kc7si\"><span class=\"brz-cp-color6\">En la misma clinica<\/span><\/h2>\n<\/div>\n<\/div>\n<\/div>\n<\/div>\n<\/div>\n<\/div>\n<\/div>\n<\/div>\n<\/div>\n<\/section>\n<section id=\"_klfjmgxxsqvizjhaqwcjzbzvvamqailfigsm\" class=\"brz-section brz-css-modjbw\">\n<div class=\"brz-section__content brz-section--boxed brz-css-ts42fd brz-css-ere3vl\" data-brz-custom-id=\"fnawqwctzuqjiwtlplregvulgnprxompaajp\">\n<div class=\"brz-bg\">\n<div class=\"brz-bg-color\"><\/div>\n<\/div>\n<div class=\"brz-container brz-css-1p54li1\">\n<div class=\"brz-row__container brz-css-136ew6p\" data-brz-custom-id=\"lavtolrzaqcotedjijlhllvrsxmkmsphvnqs\">\n<div class=\"brz-bg\"><\/div>\n<div class=\"brz-row brz-css-1tni2q2 brz-css-r5bpcs\">\n<div class=\"brz-columns brz-css-zq4m95\" data-brz-custom-id=\"twodrhlzmvlajgraphzzkgoltvttkuqoplfe\">\n<div class=\"brz-bg\"><\/div>\n<div class=\"brz-column__items brz-css-1y3a5zc\">\n<div id=\"\" class=\"brz-css-za2fip brz-css-1faff55 brz-wrapper\">\n<div class=\"brz-image brz-css-1yxxccn\" data-brz-custom-id=\"mmbtcpdpucleuecolajbwnnnwsjrisxfgach\"><img decoding=\"async\" class=\"brz-img\" src=\"https:\/\/smiledentalnogales.com\/wp-content\/uploads\/brizy\/imgs\/dr_michela-694x390x42x0x555x390x1661196315.jpg\" alt=\"\" loading=\"lazy\"><\/div>\n<\/div>\n<div id=\"\" class=\"brz-css-za2fip brz-css-1bzlmwu brz-wrapper\">\n<div class=\"brz-image brz-css-a0er5k\" data-brz-custom-id=\"qidotsnxjbwhlcmtxerpzvwrwstzafokqgpf\"><img decoding=\"async\" class=\"brz-img\" src=\"https:\/\/smiledentalnogales.com\/wp-content\/uploads\/brizy\/imgs\/smile_dental_portada_1920x1080-694x390x14x0x555x390x1636053848.jpg\" alt=\"\" loading=\"lazy\"><\/div>\n<\/div>\n<\/div>\n<\/div>\n<div class=\"brz-columns brz-css-zq4m95 brz-css-10qs8p3\" data-brz-custom-id=\"jwtugduenuqqwydmgysauvzeqtwsbrhitzpx\">\n<div class=\"brz-bg\"><\/div>\n<div class=\"brz-column__items brz-css-1y3a5zc brz-css-16mjj5e\">\n<div id=\"\" class=\"brz-css-za2fip brz-css-xb6bth brz-wrapper\">\n<div class=\"brz-rich-text brz-rich-text__custom brz-css-10rvoo0\" data-brz-custom-id=\"utawqxvhyhglftvbbwikncialfwlezsmeqjv\">\n<div data-brz-translate-text=\"1\">\n<h2 class=\"brz-text-xs-center brz-tp-heading2 brz-text-lg-left brz-css-aGxeN\"><span class=\"brz-cp-color2\">Periodoncia<\/span><\/h2>\n<\/div>\n<\/div>\n<\/div>\n<div id=\"\" class=\"brz-css-za2fip brz-css-1uv16n0 brz-wrapper\">\n<div class=\"brz-rich-text brz-rich-text__custom brz-css-10rvoo0\" data-brz-custom-id=\"ynhvoisbvlvhpncubxuamfyrusfnvrrvrszk\">\n<div data-brz-translate-text=\"1\">\n<p class=\"brz-mb-xs-15 brz-tp-subtitle brz-text-lg-left brz-text-xs-center brz-mb-lg-20 brz-css-uf2_o\"><em class=\"brz-cp-color3\">Asequible y al alcance de todos los presupuestos<\/em><\/p>\n<\/div>\n<\/div>\n<\/div>\n<div id=\"\" class=\"brz-css-za2fip brz-wrapper\">\n<div class=\"brz-rich-text brz-rich-text__custom brz-css-10rvoo0\" data-brz-custom-id=\"dfuolacqliihvpskmldqdvehagqiupaknmad\">\n<div data-brz-translate-text=\"1\">\n<p class=\"brz-tp-lg-paragraph brz-css-xbJpz\" data-uniq-id=\"uoqdg,dtzex,xuldl,dpvky,ufmxq,vjxbb,wtngi\" data-generated-css=\"brz-css-tlvpo,brz-css-gxxxj,brz-css-dcfhn,brz-css-xqlyf,brz-css-gxyls,brz-css-qpbth,brz-css-vbukv\"><span class=\"brz-cp-color2\">El periodoncista de Smile Dental Nogales es un dentista que se especializa en la prevenci\u00f3n, diagn\u00f3stico y tratamiento de la enfermedad de las enc\u00edas, y en la colocaci\u00f3n de implantes dentales. <\/span><\/p>\n<p class=\"brz-tp-lg-paragraph brz-css-n3tDN\" data-uniq-id=\"uoqdg,dtzex,xuldl,dpvky,ufmxq,vjxbb,wtngi\" data-generated-css=\"brz-css-tlvpo,brz-css-gxxxj,brz-css-dcfhn,brz-css-xqlyf,brz-css-gxyls,brz-css-qpbth,brz-css-vbukv\"><\/p>\n<p class=\"brz-tp-lg-paragraph brz-css-juKJM\" data-uniq-id=\"uoqdg,dtzex,xuldl,dpvky,ufmxq,vjxbb,wtngi\" data-generated-css=\"brz-css-tlvpo,brz-css-gxxxj,brz-css-dcfhn,brz-css-xqlyf,brz-css-gxyls,brz-css-qpbth,brz-css-vbukv\"><span class=\"brz-cp-color2\">Nuestros doctores son expertos en el tratamiento de la inflamaci\u00f3n oral. Los periodoncistas de Smile Dental Nogales reciben una amplia capacitaci\u00f3n en estas \u00e1reas, incluidos tres a\u00f1os adicionales de educaci\u00f3n m\u00e1s all\u00e1 de la escuela dental. <\/span><\/p>\n<p class=\"brz-tp-lg-paragraph brz-css-sgarg\" data-uniq-id=\"uoqdg,dtzex,xuldl,dpvky,ufmxq,vjxbb,wtngi\" data-generated-css=\"brz-css-tlvpo,brz-css-gxxxj,brz-css-dcfhn,brz-css-xqlyf,brz-css-gxyls,brz-css-qpbth,brz-css-vbukv\"><\/p>\n<p class=\"brz-tp-lg-paragraph brz-css-fL0xS\" data-uniq-id=\"uoqdg,dtzex,xuldl,dpvky,ufmxq,vjxbb,wtngi\" data-generated-css=\"brz-css-tlvpo,brz-css-gxxxj,brz-css-dcfhn,brz-css-xqlyf,brz-css-gxyls,brz-css-qpbth,brz-css-vbukv\"><span class=\"brz-cp-color2\">Nuestro equipo es amigable con las \u00faltimas t\u00e9cnicas para diagnosticar y tratar la enfermedad periodontal y tambi\u00e9n est\u00e1 capacitado en la realizaci\u00f3n de procedimientos periodontales cosm\u00e9ticos. Los periodoncistas a menudo tratan casos periodontales m\u00e1s problem\u00e1ticos, como aquellos con enfermedad grave de las enc\u00edas o antecedentes m\u00e9dicos complejos. <\/span><\/p>\n<p class=\"brz-tp-lg-paragraph brz-css-eidow\" data-uniq-id=\"uoqdg,dtzex,xuldl,dpvky,ufmxq,vjxbb,wtngi\" data-generated-css=\"brz-css-tlvpo,brz-css-gxxxj,brz-css-dcfhn,brz-css-xqlyf,brz-css-gxyls,brz-css-qpbth,brz-css-vbukv\"><\/p>\n<p class=\"brz-tp-lg-paragraph brz-mb-xs-15 brz-text-xs-center brz-mb-lg-20 brz-css-cQ2fh\" data-uniq-id=\"wtngi\" data-generated-css=\"brz-css-vbukv\"><span class=\"brz-cp-color2\">Visita nuestra cl\u00ednica y conoce a nuestro gran equipo.<\/span><\/p>\n<\/div>\n<\/div>\n<\/div>\n<\/div>\n<\/div>\n<\/div>\n<\/div>\n<\/div>\n<\/div>\n<\/section>\n<section id=\"_iflctoswpkntssariwjmyyuivxorufepwgmd\" class=\"brz-section brz-css-modjbw\">\n<div class=\"brz-section__content brz-section--fullWidth brz-css-ts42fd brz-css-sca5pv\" data-brz-custom-id=\"tbxoujtpuvizspevaytufzagqjxtakfctcdb\">\n<div class=\"brz-bg\">\n<div class=\"brz-bg-color\"><\/div>\n<\/div>\n<div class=\"brz-container brz-css-1p54li1 brz-css-1cw1q3v\">\n<div class=\"brz-row__container brz-css-136ew6p\" data-brz-custom-id=\"umhxwmvwhkctucxpyvuxxyjferlaiyzqxcwp\">\n<div class=\"brz-bg\"><\/div>\n<div class=\"brz-row brz-css-1tni2q2 brz-css-r5bpcs\">\n<div class=\"brz-columns brz-css-zq4m95 brz-css-1awn7bi\" data-brz-custom-id=\"ysvdcwmbihkxrzdmjabnbldkaahgnfdxjadi\">\n<div class=\"brz-bg\">\n<div class=\"brz-bg-image\"><\/div>\n<div class=\"brz-bg-color\"><\/div>\n<\/div>\n<div class=\"brz-column__items brz-css-1y3a5zc brz-css-upbgs8\">\n<div id=\"\" class=\"brz-css-za2fip brz-css-hwhk8l brz-wrapper\">\n<div class=\"brz-spacer brz-css-wk7lks brz-css-2tv4m3\"><\/div>\n<\/div>\n<\/div>\n<\/div>\n<div class=\"brz-columns brz-css-zq4m95 brz-css-1gg7o4m\" data-brz-custom-id=\"gzryeymlewcpgrwwocbdoanmnsxrybzexajs\">\n<div class=\"brz-bg\">\n<div class=\"brz-bg-image\"><\/div>\n<\/div>\n<div class=\"brz-column__items brz-css-1y3a5zc brz-css-1mayk3j\"><\/div>\n<\/div>\n<div class=\"brz-columns brz-css-zq4m95 brz-css-hl3wx2\" data-brz-custom-id=\"ztaigitqpqwevtycaxnnkfwwplojhtdwrjzq\">\n<div class=\"brz-bg\">\n<div class=\"brz-bg-image\"><\/div>\n<\/div>\n<div class=\"brz-column__items brz-css-1y3a5zc brz-css-1k8cibl\"><\/div>\n<\/div>\n<div class=\"brz-columns brz-css-zq4m95 brz-css-1lgvopt\" data-brz-custom-id=\"jvoalzjpouijmvkjafqovyebuzwopwagncaf\">\n<div class=\"brz-bg\">\n<div class=\"brz-bg-image\"><\/div>\n<\/div>\n<div class=\"brz-column__items brz-css-1y3a5zc brz-css-eeb07o\"><\/div>\n<\/div>\n<\/div>\n<\/div>\n<\/div>\n<\/div>\n<\/section>\n<\/div>\n<p>    <!-- version:1737064897 --><\/p>","protected":false},"excerpt":{"rendered":"<p>PERIODONTICS In one clinic Periodontics Affordable and with in reach of all budgets Smile Dental Nogales periodontist is a dentist who specializes in the prevention, diagnosis, and treatment of gum disease, and in the placement of dental implants. Our Periodontists are experts in the treatment of oral inflammation. Smile Dental Nogales Periodontists receive extensive training [&hellip;]<\/p>\n","protected":false},"author":1,"featured_media":0,"parent":0,"menu_order":0,"comment_status":"closed","ping_status":"closed","template":"visual-builder-template.php","meta":{"_joinchat":[],"footnotes":""},"class_list":["post-6622","page","type-page","status-publish","hentry"],"_links":{"self":[{"href":"https:\/\/smiledentalnogales.com\/es\/wp-json\/wp\/v2\/pages\/6622","targetHints":{"allow":["GET"]}}],"collection":[{"href":"https:\/\/smiledentalnogales.com\/es\/wp-json\/wp\/v2\/pages"}],"about":[{"href":"https:\/\/smiledentalnogales.com\/es\/wp-json\/wp\/v2\/types\/page"}],"author":[{"embeddable":true,"href":"https:\/\/smiledentalnogales.com\/es\/wp-json\/wp\/v2\/users\/1"}],"replies":[{"embeddable":true,"href":"https:\/\/smiledentalnogales.com\/es\/wp-json\/wp\/v2\/comments?post=6622"}],"version-history":[{"count":0,"href":"https:\/\/smiledentalnogales.com\/es\/wp-json\/wp\/v2\/pages\/6622\/revisions"}],"wp:attachment":[{"href":"https:\/\/smiledentalnogales.com\/es\/wp-json\/wp\/v2\/media?parent=6622"}],"curies":[{"name":"wp","href":"https:\/\/api.w.org\/{rel}","templated":true}]}}